{"id":10,"date":"2015-06-08T12:49:44","date_gmt":"2015-06-08T12:49:44","guid":{"rendered":"http:\/\/localhost\/metsaost\/?page_id=10"},"modified":"2018-07-05T13:08:31","modified_gmt":"2018-07-05T13:08:31","slug":"hinnangu-andmine","status":"publish","type":"page","link":"https:\/\/metsaost24.ee\/en\/hinnangu-andmine","title":{"rendered":"Hinnangu andmine"},"content":{"rendered":"<p>Metsamaa puhul on ligikaudse esialgse hinnangu andmine ilma kinnistut kohapeal takseerimata v\u00f5imalik siis kui metsa kohta on andmed metsaregistris. Juhul kui puuduvad andmed registris v\u00f5i on peale metsa takseerimist tehtud raideid siis hinna saamiseks on vajalik kinnistu kohapeal \u00fcle vaadata.<\/p>\n<p>P\u00f5llumaa puhul on hinnangu andmiseks ka vaja teha teatav eelt\u00f6\u00f6 \u2013 selgitada maa viljakus, piirangud jms.<\/p>\n<p>Eelistame pakkumisi millel on m\u00fc\u00fcjapoolne esialgne hinnasoov.<\/p>","protected":false},"excerpt":{"rendered":"<p>Metsamaa puhul on ligikaudse esialgse hinnangu andmine ilma kinnistut kohapeal takseerimata v\u00f5imalik siis kui metsa kohta on andmed metsaregistris. Juhul&#8230;<\/p>\n","protected":false},"author":2,"featured_media":0,"parent":0,"menu_order":0,"comment_status":"open","ping_status":"open","template":"","meta":{"_acf_changed":false,"footnotes":""},"class_list":["post-10","page","type-page","status-publish","hentry"],"acf":[],"yoast_head":"<!-- This site is optimized with the Yoast SEO plugin v25.3 - https:\/\/yoast.com\/wordpress\/plugins\/seo\/ -->\n<title>Hinnangu andmine - Metsaost24<\/title>\n<meta name=\"robots\" content=\"index, follow, max-snippet:-1, max-image-preview:large, max-video-preview:-1\" \/>\n<link rel=\"canonical\" href=\"https:\/\/metsaost24.ee\/fi\/hinnangu-andmine\" \/>\n<meta property=\"og:locale\" content=\"en_US\" \/>\n<meta property=\"og:type\" content=\"article\" \/>\n<meta property=\"og:title\" content=\"[:et]Metsamaa hindamine[:en]Hinnangu andmine[:fi]Hinnangu andmine[:] - Metsaost24\" \/>\n<meta property=\"og:description\" content=\"Metsamaa puhul on ligikaudse esialgse hinnangu andmine ilma kinnistut kohapeal takseerimata v\u00f5imalik siis kui metsa kohta on andmed metsaregistris. Juhul...\" \/>\n<meta property=\"og:url\" content=\"https:\/\/metsaost24.ee\/fi\/hinnangu-andmine\" \/>\n<meta property=\"og:site_name\" content=\"Metsaost24\" \/>\n<meta property=\"article:modified_time\" content=\"2018-07-05T13:08:31+00:00\" \/>\n<meta name=\"twitter:card\" content=\"summary_large_image\" \/>\n<meta name=\"twitter:label1\" content=\"Est. reading time\" \/>\n\t<meta name=\"twitter:data1\" content=\"1 minute\" \/>\n<script type=\"application\/ld+json\" class=\"yoast-schema-graph\">{\"@context\":\"https:\/\/schema.org\",\"@graph\":[{\"@type\":\"WebPage\",\"@id\":\"https:\/\/metsaost24.ee\/fi\/hinnangu-andmine\",\"url\":\"https:\/\/metsaost24.ee\/fi\/hinnangu-andmine\",\"name\":\"[:et]Metsamaa hindamine[:en]Hinnangu andmine[:fi]Hinnangu andmine[:] - Metsaost24\",\"isPartOf\":{\"@id\":\"https:\/\/metsaost24.ee\/fi\/#website\"},\"datePublished\":\"2015-06-08T12:49:44+00:00\",\"dateModified\":\"2018-07-05T13:08:31+00:00\",\"breadcrumb\":{\"@id\":\"https:\/\/metsaost24.ee\/fi\/hinnangu-andmine#breadcrumb\"},\"inLanguage\":\"en-US\",\"potentialAction\":[{\"@type\":\"ReadAction\",\"target\":[\"https:\/\/metsaost24.ee\/fi\/hinnangu-andmine\"]}]},{\"@type\":\"BreadcrumbList\",\"@id\":\"https:\/\/metsaost24.ee\/fi\/hinnangu-andmine#breadcrumb\",\"itemListElement\":[{\"@type\":\"ListItem\",\"position\":1,\"name\":\"Home\",\"item\":\"https:\/\/metsaost24.ee\/fi\"},{\"@type\":\"ListItem\",\"position\":2,\"name\":\"Hinnangu andmine\"}]},{\"@type\":\"WebSite\",\"@id\":\"https:\/\/metsaost24.ee\/fi\/#website\",\"url\":\"https:\/\/metsaost24.ee\/fi\/\",\"name\":\"Metsaost24\",\"description\":\"(Est) Metsamaa ost | Metsa ostmine | Metsamaa m\u00fc\u00fck investoritele\",\"potentialAction\":[{\"@type\":\"SearchAction\",\"target\":{\"@type\":\"EntryPoint\",\"urlTemplate\":\"https:\/\/metsaost24.ee\/fi\/?s={search_term_string}\"},\"query-input\":{\"@type\":\"PropertyValueSpecification\",\"valueRequired\":true,\"valueName\":\"search_term_string\"}}],\"inLanguage\":\"en-US\"}]}<\/script>\n<!-- \/ Yoast SEO plugin. -->","yoast_head_json":{"title":"[:et]Metsamaa hindamine[:en]Hinnangu andmine[:fi]Hinnangu andmine[:] - Metsaost24","robots":{"index":"index","follow":"follow","max-snippet":"max-snippet:-1","max-image-preview":"max-image-preview:large","max-video-preview":"max-video-preview:-1"},"canonical":"https:\/\/metsaost24.ee\/fi\/hinnangu-andmine","og_locale":"en_US","og_type":"article","og_title":"[:et]Metsamaa hindamine[:en]Hinnangu andmine[:fi]Hinnangu andmine[:] - Metsaost24","og_description":"Metsamaa puhul on ligikaudse esialgse hinnangu andmine ilma kinnistut kohapeal takseerimata v\u00f5imalik siis kui metsa kohta on andmed metsaregistris. Juhul...","og_url":"https:\/\/metsaost24.ee\/fi\/hinnangu-andmine","og_site_name":"Metsaost24","article_modified_time":"2018-07-05T13:08:31+00:00","twitter_card":"summary_large_image","twitter_misc":{"Est. reading time":"1 minute"},"schema":{"@context":"https:\/\/schema.org","@graph":[{"@type":"WebPage","@id":"https:\/\/metsaost24.ee\/fi\/hinnangu-andmine","url":"https:\/\/metsaost24.ee\/fi\/hinnangu-andmine","name":"[:et]Metsamaa hindamine[:en]Hinnangu andmine[:fi]Hinnangu andmine[:] - Metsaost24","isPartOf":{"@id":"https:\/\/metsaost24.ee\/fi\/#website"},"datePublished":"2015-06-08T12:49:44+00:00","dateModified":"2018-07-05T13:08:31+00:00","breadcrumb":{"@id":"https:\/\/metsaost24.ee\/fi\/hinnangu-andmine#breadcrumb"},"inLanguage":"en-US","potentialAction":[{"@type":"ReadAction","target":["https:\/\/metsaost24.ee\/fi\/hinnangu-andmine"]}]},{"@type":"BreadcrumbList","@id":"https:\/\/metsaost24.ee\/fi\/hinnangu-andmine#breadcrumb","itemListElement":[{"@type":"ListItem","position":1,"name":"Home","item":"https:\/\/metsaost24.ee\/fi"},{"@type":"ListItem","position":2,"name":"Hinnangu andmine"}]},{"@type":"WebSite","@id":"https:\/\/metsaost24.ee\/fi\/#website","url":"https:\/\/metsaost24.ee\/fi\/","name":"Metsaost24","description":"(Est) Metsamaa ost | Metsa ostmine | Metsamaa m\u00fc\u00fck investoritele","potentialAction":[{"@type":"SearchAction","target":{"@type":"EntryPoint","urlTemplate":"https:\/\/metsaost24.ee\/fi\/?s={search_term_string}"},"query-input":{"@type":"PropertyValueSpecification","valueRequired":true,"valueName":"search_term_string"}}],"inLanguage":"en-US"}]}},"_links":{"self":[{"href":"https:\/\/metsaost24.ee\/en\/wp-json\/wp\/v2\/pages\/10","targetHints":{"allow":["GET"]}}],"collection":[{"href":"https:\/\/metsaost24.ee\/en\/wp-json\/wp\/v2\/pages"}],"about":[{"href":"https:\/\/metsaost24.ee\/en\/wp-json\/wp\/v2\/types\/page"}],"author":[{"embeddable":true,"href":"https:\/\/metsaost24.ee\/en\/wp-json\/wp\/v2\/users\/2"}],"replies":[{"embeddable":true,"href":"https:\/\/metsaost24.ee\/en\/wp-json\/wp\/v2\/comments?post=10"}],"version-history":[{"count":2,"href":"https:\/\/metsaost24.ee\/en\/wp-json\/wp\/v2\/pages\/10\/revisions"}],"predecessor-version":[{"id":85,"href":"https:\/\/metsaost24.ee\/en\/wp-json\/wp\/v2\/pages\/10\/revisions\/85"}],"wp:attachment":[{"href":"https:\/\/metsaost24.ee\/en\/wp-json\/wp\/v2\/media?parent=10"}],"curies":[{"name":"wp","href":"https:\/\/api.w.org\/{rel}","templated":true}]}}