{"id":41,"date":"2015-06-10T07:46:02","date_gmt":"2015-06-10T07:46:02","guid":{"rendered":"http:\/\/localhost\/metsaost\/?page_id=41"},"modified":"2022-11-17T14:12:05","modified_gmt":"2022-11-17T14:12:05","slug":"metsamaa-ost","status":"publish","type":"page","link":"https:\/\/metsaost24.ee\/en\/metsamaa-ost","title":{"rendered":"Metsa ost"},"content":{"rendered":"<p>Oleme spetsialiseerunud <strong>metsamaade ostule<\/strong>. Samuti ostame ka p\u00f5llumaad v\u00f5i kinnistuid, mille koosseisus on nii metsa- kui ka p\u00f5llumaad.<\/p>\n<p>Omame partnerlussuhteid paljude investeerimisfondidega nii kodu- kui ka v\u00e4lismaalt.<br \/>\nRaiek\u00fcpse metsa v\u00e4\u00e4rtuse leidmine ei ole v\u00e4ga keerukas protsess ja s\u00f5ltub peaasjalikult hetkel puidusektoris valitsevast turusituatsioonist. Seet\u00f5ttu on sellise metsa m\u00fc\u00fcmisel tihti erinevate firmade pakkumised k\u00fcllaltki sarnased.<\/p>\n<p>Suuremate metsakinnistute koosseisu j\u00e4\u00e4b aga sageli ka keskealisi ja nooremaid metsaeraldusi. Nende hindamismetoodika on aga erinevatel firmadel k\u00fcllaltki erinev.<\/p>\n<p>Kuna meie v\u00f5i meie kaudu tehtud investeeringutel on pikem ajahorisont, siis saame tihti pakkuda konkurentsiv\u00f5imelist hinda ka kesk- ja nooremaealistele metsadele, millest tulenevalt v\u00f5ib suuremate kinnistute puhul olla meie pakutav hind konkurentide omast suurem.<br \/>\nOstame ka heade kasvukohtadega lagedaks raiutud suuremaid metsakinnistuid.<\/p>","protected":false},"excerpt":{"rendered":"<p>Oleme spetsialiseerunud metsamaade ostule. Samuti ostame ka p\u00f5llumaad v\u00f5i kinnistuid, mille koosseisus on nii metsa- kui ka p\u00f5llumaad. Omame partnerlussuhteid&#8230;<\/p>\n","protected":false},"author":2,"featured_media":0,"parent":0,"menu_order":0,"comment_status":"open","ping_status":"open","template":"","meta":{"_acf_changed":false,"footnotes":""},"class_list":["post-41","page","type-page","status-publish","hentry"],"acf":[],"yoast_head":"<!-- This site is optimized with the Yoast SEO plugin v25.3 - https:\/\/yoast.com\/wordpress\/plugins\/seo\/ -->\n<title>Metsa ost - Metsaost24<\/title>\n<meta name=\"robots\" content=\"index, follow, max-snippet:-1, max-image-preview:large, max-video-preview:-1\" \/>\n<link rel=\"canonical\" href=\"https:\/\/metsaost24.ee\/fi\/metsamaa-ost\" \/>\n<meta property=\"og:locale\" content=\"en_US\" \/>\n<meta property=\"og:type\" content=\"article\" \/>\n<meta property=\"og:title\" content=\"[:et]Metsamaa ost[:en]Metsa ost[:fi]Metsa ost[:] - Metsaost24\" \/>\n<meta property=\"og:description\" content=\"Oleme spetsialiseerunud metsamaade ostule. Samuti ostame ka p\u00f5llumaad v\u00f5i kinnistuid, mille koosseisus on nii metsa- kui ka p\u00f5llumaad. Omame partnerlussuhteid...\" \/>\n<meta property=\"og:url\" content=\"https:\/\/metsaost24.ee\/fi\/metsamaa-ost\" \/>\n<meta property=\"og:site_name\" content=\"Metsaost24\" \/>\n<meta property=\"article:modified_time\" content=\"2022-11-17T14:12:05+00:00\" \/>\n<meta name=\"twitter:card\" content=\"summary_large_image\" \/>\n<meta name=\"twitter:label1\" content=\"Est. reading time\" \/>\n\t<meta name=\"twitter:data1\" content=\"2 minutes\" \/>\n<script type=\"application\/ld+json\" class=\"yoast-schema-graph\">{\"@context\":\"https:\/\/schema.org\",\"@graph\":[{\"@type\":\"WebPage\",\"@id\":\"https:\/\/metsaost24.ee\/fi\/metsamaa-ost\",\"url\":\"https:\/\/metsaost24.ee\/fi\/metsamaa-ost\",\"name\":\"[:et]Metsamaa ost[:en]Metsa ost[:fi]Metsa ost[:] - Metsaost24\",\"isPartOf\":{\"@id\":\"https:\/\/metsaost24.ee\/fi\/#website\"},\"datePublished\":\"2015-06-10T07:46:02+00:00\",\"dateModified\":\"2022-11-17T14:12:05+00:00\",\"breadcrumb\":{\"@id\":\"https:\/\/metsaost24.ee\/fi\/metsamaa-ost#breadcrumb\"},\"inLanguage\":\"en-US\",\"potentialAction\":[{\"@type\":\"ReadAction\",\"target\":[\"https:\/\/metsaost24.ee\/fi\/metsamaa-ost\"]}]},{\"@type\":\"BreadcrumbList\",\"@id\":\"https:\/\/metsaost24.ee\/fi\/metsamaa-ost#breadcrumb\",\"itemListElement\":[{\"@type\":\"ListItem\",\"position\":1,\"name\":\"Home\",\"item\":\"https:\/\/metsaost24.ee\/fi\"},{\"@type\":\"ListItem\",\"position\":2,\"name\":\"Metsa ost\"}]},{\"@type\":\"WebSite\",\"@id\":\"https:\/\/metsaost24.ee\/fi\/#website\",\"url\":\"https:\/\/metsaost24.ee\/fi\/\",\"name\":\"Metsaost24\",\"description\":\"(Est) Metsamaa ost | Metsa ostmine | Metsamaa m\u00fc\u00fck investoritele\",\"potentialAction\":[{\"@type\":\"SearchAction\",\"target\":{\"@type\":\"EntryPoint\",\"urlTemplate\":\"https:\/\/metsaost24.ee\/fi\/?s={search_term_string}\"},\"query-input\":{\"@type\":\"PropertyValueSpecification\",\"valueRequired\":true,\"valueName\":\"search_term_string\"}}],\"inLanguage\":\"en-US\"}]}<\/script>\n<!-- \/ Yoast SEO plugin. -->","yoast_head_json":{"title":"[:et]Metsamaa ost[:en]Metsa ost[:fi]Metsa ost[:] - Metsaost24","robots":{"index":"index","follow":"follow","max-snippet":"max-snippet:-1","max-image-preview":"max-image-preview:large","max-video-preview":"max-video-preview:-1"},"canonical":"https:\/\/metsaost24.ee\/fi\/metsamaa-ost","og_locale":"en_US","og_type":"article","og_title":"[:et]Metsamaa ost[:en]Metsa ost[:fi]Metsa ost[:] - Metsaost24","og_description":"Oleme spetsialiseerunud metsamaade ostule. Samuti ostame ka p\u00f5llumaad v\u00f5i kinnistuid, mille koosseisus on nii metsa- kui ka p\u00f5llumaad. Omame partnerlussuhteid...","og_url":"https:\/\/metsaost24.ee\/fi\/metsamaa-ost","og_site_name":"Metsaost24","article_modified_time":"2022-11-17T14:12:05+00:00","twitter_card":"summary_large_image","twitter_misc":{"Est. reading time":"2 minutes"},"schema":{"@context":"https:\/\/schema.org","@graph":[{"@type":"WebPage","@id":"https:\/\/metsaost24.ee\/fi\/metsamaa-ost","url":"https:\/\/metsaost24.ee\/fi\/metsamaa-ost","name":"[:et]Metsamaa ost[:en]Metsa ost[:fi]Metsa ost[:] - Metsaost24","isPartOf":{"@id":"https:\/\/metsaost24.ee\/fi\/#website"},"datePublished":"2015-06-10T07:46:02+00:00","dateModified":"2022-11-17T14:12:05+00:00","breadcrumb":{"@id":"https:\/\/metsaost24.ee\/fi\/metsamaa-ost#breadcrumb"},"inLanguage":"en-US","potentialAction":[{"@type":"ReadAction","target":["https:\/\/metsaost24.ee\/fi\/metsamaa-ost"]}]},{"@type":"BreadcrumbList","@id":"https:\/\/metsaost24.ee\/fi\/metsamaa-ost#breadcrumb","itemListElement":[{"@type":"ListItem","position":1,"name":"Home","item":"https:\/\/metsaost24.ee\/fi"},{"@type":"ListItem","position":2,"name":"Metsa ost"}]},{"@type":"WebSite","@id":"https:\/\/metsaost24.ee\/fi\/#website","url":"https:\/\/metsaost24.ee\/fi\/","name":"Metsaost24","description":"(Est) Metsamaa ost | Metsa ostmine | Metsamaa m\u00fc\u00fck investoritele","potentialAction":[{"@type":"SearchAction","target":{"@type":"EntryPoint","urlTemplate":"https:\/\/metsaost24.ee\/fi\/?s={search_term_string}"},"query-input":{"@type":"PropertyValueSpecification","valueRequired":true,"valueName":"search_term_string"}}],"inLanguage":"en-US"}]}},"_links":{"self":[{"href":"https:\/\/metsaost24.ee\/en\/wp-json\/wp\/v2\/pages\/41","targetHints":{"allow":["GET"]}}],"collection":[{"href":"https:\/\/metsaost24.ee\/en\/wp-json\/wp\/v2\/pages"}],"about":[{"href":"https:\/\/metsaost24.ee\/en\/wp-json\/wp\/v2\/types\/page"}],"author":[{"embeddable":true,"href":"https:\/\/metsaost24.ee\/en\/wp-json\/wp\/v2\/users\/2"}],"replies":[{"embeddable":true,"href":"https:\/\/metsaost24.ee\/en\/wp-json\/wp\/v2\/comments?post=41"}],"version-history":[{"count":5,"href":"https:\/\/metsaost24.ee\/en\/wp-json\/wp\/v2\/pages\/41\/revisions"}],"predecessor-version":[{"id":83,"href":"https:\/\/metsaost24.ee\/en\/wp-json\/wp\/v2\/pages\/41\/revisions\/83"}],"wp:attachment":[{"href":"https:\/\/metsaost24.ee\/en\/wp-json\/wp\/v2\/media?parent=41"}],"curies":[{"name":"wp","href":"https:\/\/api.w.org\/{rel}","templated":true}]}}