{"id":8,"date":"2015-06-08T12:49:04","date_gmt":"2015-06-08T12:49:04","guid":{"rendered":"http:\/\/localhost\/metsaost\/?page_id=8"},"modified":"2022-11-17T14:17:12","modified_gmt":"2022-11-17T14:17:12","slug":"pollumaa-ost","status":"publish","type":"page","link":"https:\/\/metsaost24.ee\/fi\/pollumaa-ost","title":{"rendered":"P\u00f5llumaa ost"},"content":{"rendered":"<p><strong>Ostame p\u00f5llumaad \u00fcle Eesti.<\/strong> Eelistame keskmisest parema kvaliteediga p\u00f5llumaid suurusega alates ca 5 ha-st.<\/p>\n<p>P\u00f5llumaa hinna m\u00e4\u00e4ravad mitmed tegurid nagu suurus, mulla viljakus, ligip\u00e4\u00e4s, kinnistu kuju, piirangud jms. Kuna investeeringutel on pikem ajahorisont, siis huvipakkuvamad on kehtiva rendilepinguga p\u00f5llumaad.<\/p>","protected":false},"excerpt":{"rendered":"<p>Ostame p\u00f5llumaad \u00fcle Eesti. Eelistame keskmisest parema kvaliteediga p\u00f5llumaid suurusega alates ca 5 ha-st. P\u00f5llumaa hinna m\u00e4\u00e4ravad mitmed tegurid nagu&#8230;<\/p>\n","protected":false},"author":2,"featured_media":0,"parent":0,"menu_order":0,"comment_status":"open","ping_status":"open","template":"","meta":{"_acf_changed":false,"footnotes":""},"class_list":["post-8","page","type-page","status-publish","hentry"],"acf":[],"yoast_head":"<!-- This site is optimized with the Yoast SEO plugin v25.3 - https:\/\/yoast.com\/wordpress\/plugins\/seo\/ -->\n<title>P\u00f5llumaa ost - Metsaost24<\/title>\n<meta name=\"robots\" content=\"index, follow, max-snippet:-1, max-image-preview:large, max-video-preview:-1\" \/>\n<link rel=\"canonical\" href=\"https:\/\/metsaost24.ee\/fi\/pollumaa-ost\" \/>\n<meta property=\"og:locale\" content=\"fi_FI\" \/>\n<meta property=\"og:type\" content=\"article\" \/>\n<meta property=\"og:title\" content=\"P\u00f5llumaa ost - Metsaost24\" \/>\n<meta property=\"og:description\" content=\"Ostame p\u00f5llumaad \u00fcle Eesti. Eelistame keskmisest parema kvaliteediga p\u00f5llumaid suurusega alates ca 5 ha-st. P\u00f5llumaa hinna m\u00e4\u00e4ravad mitmed tegurid nagu...\" \/>\n<meta property=\"og:url\" content=\"https:\/\/metsaost24.ee\/fi\/pollumaa-ost\" \/>\n<meta property=\"og:site_name\" content=\"Metsaost24\" \/>\n<meta property=\"article:modified_time\" content=\"2022-11-17T14:17:12+00:00\" \/>\n<meta name=\"twitter:card\" content=\"summary_large_image\" \/>\n<meta name=\"twitter:label1\" content=\"Est. reading time\" \/>\n\t<meta name=\"twitter:data1\" content=\"1 minute\" \/>\n<script type=\"application\/ld+json\" class=\"yoast-schema-graph\">{\"@context\":\"https:\/\/schema.org\",\"@graph\":[{\"@type\":\"WebPage\",\"@id\":\"https:\/\/metsaost24.ee\/fi\/pollumaa-ost\",\"url\":\"https:\/\/metsaost24.ee\/fi\/pollumaa-ost\",\"name\":\"P\u00f5llumaa ost - Metsaost24\",\"isPartOf\":{\"@id\":\"https:\/\/metsaost24.ee\/fi\/#website\"},\"datePublished\":\"2015-06-08T12:49:04+00:00\",\"dateModified\":\"2022-11-17T14:17:12+00:00\",\"breadcrumb\":{\"@id\":\"https:\/\/metsaost24.ee\/fi\/pollumaa-ost#breadcrumb\"},\"inLanguage\":\"fi-FI\",\"potentialAction\":[{\"@type\":\"ReadAction\",\"target\":[\"https:\/\/metsaost24.ee\/fi\/pollumaa-ost\"]}]},{\"@type\":\"BreadcrumbList\",\"@id\":\"https:\/\/metsaost24.ee\/fi\/pollumaa-ost#breadcrumb\",\"itemListElement\":[{\"@type\":\"ListItem\",\"position\":1,\"name\":\"Home\",\"item\":\"https:\/\/metsaost24.ee\/fi\"},{\"@type\":\"ListItem\",\"position\":2,\"name\":\"P\u00f5llumaa ost\"}]},{\"@type\":\"WebSite\",\"@id\":\"https:\/\/metsaost24.ee\/fi\/#website\",\"url\":\"https:\/\/metsaost24.ee\/fi\/\",\"name\":\"Metsaost24\",\"description\":\"(Est) Metsamaa ost | Metsa ostmine | Metsamaa m\u00fc\u00fck investoritele\",\"potentialAction\":[{\"@type\":\"SearchAction\",\"target\":{\"@type\":\"EntryPoint\",\"urlTemplate\":\"https:\/\/metsaost24.ee\/fi\/?s={search_term_string}\"},\"query-input\":{\"@type\":\"PropertyValueSpecification\",\"valueRequired\":true,\"valueName\":\"search_term_string\"}}],\"inLanguage\":\"fi-FI\"}]}<\/script>\n<!-- \/ Yoast SEO plugin. -->","yoast_head_json":{"title":"P\u00f5llumaa ost - Metsaost24","robots":{"index":"index","follow":"follow","max-snippet":"max-snippet:-1","max-image-preview":"max-image-preview:large","max-video-preview":"max-video-preview:-1"},"canonical":"https:\/\/metsaost24.ee\/fi\/pollumaa-ost","og_locale":"fi_FI","og_type":"article","og_title":"P\u00f5llumaa ost - Metsaost24","og_description":"Ostame p\u00f5llumaad \u00fcle Eesti. Eelistame keskmisest parema kvaliteediga p\u00f5llumaid suurusega alates ca 5 ha-st. P\u00f5llumaa hinna m\u00e4\u00e4ravad mitmed tegurid nagu...","og_url":"https:\/\/metsaost24.ee\/fi\/pollumaa-ost","og_site_name":"Metsaost24","article_modified_time":"2022-11-17T14:17:12+00:00","twitter_card":"summary_large_image","twitter_misc":{"Est. reading time":"1 minute"},"schema":{"@context":"https:\/\/schema.org","@graph":[{"@type":"WebPage","@id":"https:\/\/metsaost24.ee\/fi\/pollumaa-ost","url":"https:\/\/metsaost24.ee\/fi\/pollumaa-ost","name":"P\u00f5llumaa ost - Metsaost24","isPartOf":{"@id":"https:\/\/metsaost24.ee\/fi\/#website"},"datePublished":"2015-06-08T12:49:04+00:00","dateModified":"2022-11-17T14:17:12+00:00","breadcrumb":{"@id":"https:\/\/metsaost24.ee\/fi\/pollumaa-ost#breadcrumb"},"inLanguage":"fi-FI","potentialAction":[{"@type":"ReadAction","target":["https:\/\/metsaost24.ee\/fi\/pollumaa-ost"]}]},{"@type":"BreadcrumbList","@id":"https:\/\/metsaost24.ee\/fi\/pollumaa-ost#breadcrumb","itemListElement":[{"@type":"ListItem","position":1,"name":"Home","item":"https:\/\/metsaost24.ee\/fi"},{"@type":"ListItem","position":2,"name":"P\u00f5llumaa ost"}]},{"@type":"WebSite","@id":"https:\/\/metsaost24.ee\/fi\/#website","url":"https:\/\/metsaost24.ee\/fi\/","name":"Metsaost24","description":"(Est) Metsamaa ost | Metsa ostmine | Metsamaa m\u00fc\u00fck investoritele","potentialAction":[{"@type":"SearchAction","target":{"@type":"EntryPoint","urlTemplate":"https:\/\/metsaost24.ee\/fi\/?s={search_term_string}"},"query-input":{"@type":"PropertyValueSpecification","valueRequired":true,"valueName":"search_term_string"}}],"inLanguage":"fi-FI"}]}},"_links":{"self":[{"href":"https:\/\/metsaost24.ee\/fi\/wp-json\/wp\/v2\/pages\/8","targetHints":{"allow":["GET"]}}],"collection":[{"href":"https:\/\/metsaost24.ee\/fi\/wp-json\/wp\/v2\/pages"}],"about":[{"href":"https:\/\/metsaost24.ee\/fi\/wp-json\/wp\/v2\/types\/page"}],"author":[{"embeddable":true,"href":"https:\/\/metsaost24.ee\/fi\/wp-json\/wp\/v2\/users\/2"}],"replies":[{"embeddable":true,"href":"https:\/\/metsaost24.ee\/fi\/wp-json\/wp\/v2\/comments?post=8"}],"version-history":[{"count":3,"href":"https:\/\/metsaost24.ee\/fi\/wp-json\/wp\/v2\/pages\/8\/revisions"}],"predecessor-version":[{"id":81,"href":"https:\/\/metsaost24.ee\/fi\/wp-json\/wp\/v2\/pages\/8\/revisions\/81"}],"wp:attachment":[{"href":"https:\/\/metsaost24.ee\/fi\/wp-json\/wp\/v2\/media?parent=8"}],"curies":[{"name":"wp","href":"https:\/\/api.w.org\/{rel}","templated":true}]}}